{"id":6407,"date":"2025-04-16T11:09:37","date_gmt":"2025-04-16T16:09:37","guid":{"rendered":"https:\/\/petspa.com.co\/co\/?page_id=6407"},"modified":"2025-04-16T11:11:16","modified_gmt":"2025-04-16T16:11:16","slug":"politica-de-cookies","status":"publish","type":"page","link":"https:\/\/petspa.com.co\/co\/politica-de-cookies\/","title":{"rendered":"POL\u00cdTICA DE COOKIES"},"content":{"rendered":"\t\t<div data-elementor-type=\"wp-page\" data-elementor-id=\"6407\" class=\"elementor elementor-6407\" data-elementor-post-type=\"page\">\n\t\t\t\t\t\t<section class=\"elementor-section elementor-top-section elementor-element elementor-element-0f156eb elementor-section-boxed elementor-section-height-default elementor-section-height-default\" data-id=\"0f156eb\" data-element_type=\"section\" data-e-type=\"section\">\n\t\t\t\t\t\t<div class=\"elementor-container elementor-column-gap-default\">\n\t\t\t\t\t<div class=\"elementor-column elementor-col-100 elementor-top-column elementor-element elementor-element-2b3996e\" data-id=\"2b3996e\" data-element_type=\"column\" data-e-type=\"column\">\n\t\t\t<div class=\"elementor-widget-wrap elementor-element-populated\">\n\t\t\t\t\t\t<div class=\"elementor-element elementor-element-b3ffdfc elementor-widget elementor-widget-heading\" data-id=\"b3ffdfc\" data-element_type=\"widget\" data-e-type=\"widget\" data-widget_type=\"heading.default\">\n\t\t\t\t<div class=\"elementor-widget-container\">\n\t\t\t\t\t<h2 class=\"elementor-heading-title elementor-size-default\">POL\u00cdTICA DE COOKIES<\/h2>\t\t\t\t<\/div>\n\t\t\t\t<\/div>\n\t\t\t\t<div class=\"elementor-element elementor-element-23411ae elementor-widget__width-initial elementor-widget elementor-widget-text-editor\" data-id=\"23411ae\" data-element_type=\"widget\" data-e-type=\"widget\" data-widget_type=\"text-editor.default\">\n\t\t\t\t<div class=\"elementor-widget-container\">\n\t\t\t\t\t\t\t\t\t<h5><b>\u00bfQu\u00e9 son las cookies?<\/b><\/h5>\n<span style=\"font-weight: 400;\">Una cookie es un peque\u00f1o archivo colocado en tu computadora, smartphone u otro dispositivo electr\u00f3nico que habilita las funcionalidades de nuestros sitios web. Por ejemplo, las cookies nos permiten identificar tu dispositivo, ofrecerte acceso seguro a nuestros sitios webs, e incluso nos ayudan a saber si alguien intenta acceder a tu cuenta desde otro dispositivo. Las cookies tambi\u00e9n hacen seguimiento de la sesi\u00f3n de usuario, mejoran el tiempo de carga de una web, evitan mostrar informaci\u00f3n reiterativa y nos ayudan a mostrarte anuncios relevantes para ti.<\/span>\n<h5><b>\u00bfPor qu\u00e9 utilizamos cookies?<\/b><\/h5>\n<span style=\"font-weight: 400;\">Para mejorar tu experiencia de navegaci\u00f3n como usuario, siendo la mejor manera de ofrecerte contenido personalizado y de inter\u00e9s a trav\u00e9s del portal web y aplicaci\u00f3n m\u00f3vil. Asimismo, nos permiten ofrecer publicidad relevante y basada en tus intereses que generan ingresos que nos permiten mantener la gratuidad de otros servicios.<\/span>\n<h5><b>\u00bfQu\u00e9 cookies utilizamos?<\/b><\/h5>\n<span style=\"font-weight: 400;\">Para entender mejor qu\u00e9 son las cookies y qu\u00e9 hacen, es com\u00fan clasificarlas seg\u00fan:<\/span>\n\n<b>Origen: <\/b><span style=\"font-weight: 400;\">Hay cookies propias y de terceros. Las propias corresponden a las que nosotros mismos desarrollamos e implementamos en este Sitio Web. Las de terceros son desarrolladas por otras empresas que no desarrollaron este Sitio Web.<\/span>\n\n<b>Duraci\u00f3n: <\/b><span style=\"font-weight: 400;\">Hay cookies de sesi\u00f3n y persistentes. La sesi\u00f3n expirar\u00e1 cuando el usuario termine de navegar en el Sitio Web. Las persistentes se almacenan en el dispositivo de quien navega por el Sitio Web por un per\u00edodo para el que fueron programadas.<\/span>\n\n<b>Funci\u00f3n: <\/b><span style=\"font-weight: 400;\">Hay cookies estrictamente necesarias, funcionales, anal\u00edticas, de desempe\u00f1o y publicidad. Las estrictamente necesarias se requieren para la operaci\u00f3n m\u00ednima del Sitio Web. Las funciones se enfocan en compartir contenido con terceros, recolectar, retroalimentaci\u00f3n y otras acciones con terceros. Las anal\u00edticas permiten entender y medir el comportamiento de los visitantes y usuarios del Sitio Web. Las de desempe\u00f1o permiten entender y analizar la efectiva prestaci\u00f3n de los servicios del Sitio Web.<\/span>\n\n<span style=\"font-weight: 400;\">Este Sitio Web puede utilizar varios de los tipos de cookies aqu\u00ed mencionados.<\/span>\n<h5><b>\u00bfC\u00f3mo desactivar y controlar cookies?<\/b><\/h5>\n<span style=\"font-weight: 400;\">Es posible desactivar y\/o eliminar las cookies, siguiendo las indicaciones del navegador de Internet. Sin embargo, debe tenerse en cuenta que, en este caso, se reducir\u00e1 considerablemente su capacidad para navegar por nuestro sitio web o aplicaci\u00f3n, para utilizar nuestros servicios e incluso hacerlos incompatibles con tus intereses o necesidades.<\/span>\n<h5><b>Alternativas externas:<\/b><\/h5>\n<span style=\"font-weight: 400;\">\u2018Opt-out\u2019 (desactivaci\u00f3n) para cada tipo de cookies: el uso de este sistema puede instalar en tu computadora una cookie \u201cde rechazo\u201d para hacer efectiva la petici\u00f3n de desactivaci\u00f3n de cookies solicitada.<\/span>\n\n<span style=\"font-weight: 400;\">Otras herramientas de terceros disponibles online: te permiten detectar todas las cookies de cada web visitada y gestionar su desactivaci\u00f3n.<\/span>\n\n<b>Sistemas \u201copt-out\u201d disponibles para Google Analytics: <\/b><a href=\"https:\/\/tools.google.com\/dlpage\/gaoptout\/\"><b>https:\/\/tools.google.com\/dlpage\/gaoptout\/<\/b><\/a>\n\n<span style=\"font-weight: 400;\">Puedes \u2013 en cualquier momento \u2013 elegir qu\u00e9 cookies quiere poner en funcionamiento en este sitio web al modificar la configuraci\u00f3n del navegador. A modo de ejemplo, facilitamos el acceso a las instrucciones de los navegadores m\u00e1s comunes:<\/span>\n<ul>\n \t<li aria-level=\"1\"><b>Chrome<\/b><\/li>\n<\/ul>\n<ul>\n \t<li aria-level=\"1\"><b>Edge<\/b><\/li>\n<\/ul>\n<ul>\n \t<li aria-level=\"1\"><b>Firefox<\/b><\/li>\n<\/ul>\n<ul>\n \t<li aria-level=\"1\"><b>Safari<\/b><\/li>\n<\/ul>\n<span style=\"font-weight: 400;\">No somos responsables del contenido y veracidad de las pol\u00edticas de privacidad de los terceros referenciadas en esta pol\u00edtica de cookies.<\/span>\n<h5><b>\u00bfCu\u00e1ndo se actualiza esta pol\u00edtica de cookies?<\/b><\/h5>\n<span style=\"font-weight: 400;\">Podemos modificar esta Pol\u00edtica de Cookies para cumplir con las obligaciones legales, reglamentarias y\/o administrativas que nos apliquen o cuando consideremos que ha habido un cambio que consideremos oportuno. Publicaremos la nueva pol\u00edtica de cookies en este sitio web, por lo que te pedimos que revises esta pol\u00edtica de manera peri\u00f3dica.<\/span>\t\t\t\t\t\t\t\t<\/div>\n\t\t\t\t<\/div>\n\t\t\t\t\t<\/div>\n\t\t<\/div>\n\t\t\t\t\t<\/div>\n\t\t<\/section>\n\t\t\t\t<\/div>\n\t\t","protected":false},"excerpt":{"rendered":"<p>POL\u00cdTICA DE COOKIES \u00bfQu\u00e9 son las cookies? Una cookie es un peque\u00f1o archivo colocado en tu computadora, smartphone u otro dispositivo electr\u00f3nico que habilita las funcionalidades de nuestros sitios web. Por ejemplo, las cookies nos permiten identificar tu dispositivo, ofrecerte acceso seguro a nuestros sitios webs, e incluso nos ayudan a saber si alguien intenta [&hellip;]<\/p>\n","protected":false},"author":1,"featured_media":0,"parent":0,"menu_order":0,"comment_status":"closed","ping_status":"closed","template":"elementor_header_footer","meta":{"site-sidebar-layout":"default","site-content-layout":"","ast-site-content-layout":"default","site-content-style":"default","site-sidebar-style":"default","ast-global-header-display":"","ast-banner-title-visibility":"","ast-main-header-display":"","ast-hfb-above-header-display":"","ast-hfb-below-header-display":"","ast-hfb-mobile-header-display":"","site-post-title":"","ast-breadcrumbs-content":"","ast-featured-img":"","footer-sml-layout":"","ast-disable-related-posts":"","theme-transparent-header-meta":"","adv-header-id-meta":"","stick-header-meta":"","header-above-stick-meta":"","header-main-stick-meta":"","header-below-stick-meta":"","astra-migrate-meta-layouts":"set","ast-page-background-enabled":"default","ast-page-background-meta":{"desktop":{"background-color":"var(--ast-global-color-4)","background-image":"","background-repeat":"repeat","background-position":"center center","background-size":"auto","background-attachment":"scroll","background-type":"","background-media":"","overlay-type":"","overlay-color":"","overlay-opacity":"","overlay-gradient":""},"tablet":{"background-color":"","background-image":"","background-repeat":"repeat","background-position":"center center","background-size":"auto","background-attachment":"scroll","background-type":"","background-media":"","overlay-type":"","overlay-color":"","overlay-opacity":"","overlay-gradient":""},"mobile":{"background-color":"","background-image":"","background-repeat":"repeat","background-position":"center center","background-size":"auto","background-attachment":"scroll","background-type":"","background-media":"","overlay-type":"","overlay-color":"","overlay-opacity":"","overlay-gradient":""}},"ast-content-background-meta":{"desktop":{"background-color":"var(--ast-global-color-5)","background-image":"","background-repeat":"repeat","background-position":"center center","background-size":"auto","background-attachment":"scroll","background-type":"","background-media":"","overlay-type":"","overlay-color":"","overlay-opacity":"","overlay-gradient":""},"tablet":{"background-color":"var(--ast-global-color-5)","background-image":"","background-repeat":"repeat","background-position":"center center","background-size":"auto","background-attachment":"scroll","background-type":"","background-media":"","overlay-type":"","overlay-color":"","overlay-opacity":"","overlay-gradient":""},"mobile":{"background-color":"var(--ast-global-color-5)","background-image":"","background-repeat":"repeat","background-position":"center center","background-size":"auto","background-attachment":"scroll","background-type":"","background-media":"","overlay-type":"","overlay-color":"","overlay-opacity":"","overlay-gradient":""}},"footnotes":""},"class_list":["post-6407","page","type-page","status-publish","hentry"],"_links":{"self":[{"href":"https:\/\/petspa.com.co\/co\/wp-json\/wp\/v2\/pages\/6407","targetHints":{"allow":["GET"]}}],"collection":[{"href":"https:\/\/petspa.com.co\/co\/wp-json\/wp\/v2\/pages"}],"about":[{"href":"https:\/\/petspa.com.co\/co\/wp-json\/wp\/v2\/types\/page"}],"author":[{"embeddable":true,"href":"https:\/\/petspa.com.co\/co\/wp-json\/wp\/v2\/users\/1"}],"replies":[{"embeddable":true,"href":"https:\/\/petspa.com.co\/co\/wp-json\/wp\/v2\/comments?post=6407"}],"version-history":[{"count":4,"href":"https:\/\/petspa.com.co\/co\/wp-json\/wp\/v2\/pages\/6407\/revisions"}],"predecessor-version":[{"id":6412,"href":"https:\/\/petspa.com.co\/co\/wp-json\/wp\/v2\/pages\/6407\/revisions\/6412"}],"wp:attachment":[{"href":"https:\/\/petspa.com.co\/co\/wp-json\/wp\/v2\/media?parent=6407"}],"curies":[{"name":"wp","href":"https:\/\/api.w.org\/{rel}","templated":true}]}}