{"id":5633,"date":"2024-05-21T19:26:34","date_gmt":"2024-05-21T19:26:34","guid":{"rendered":"https:\/\/petspa.com.co\/cr\/?post_type=product&#038;p=5633"},"modified":"2024-06-24T12:25:44","modified_gmt":"2024-06-24T17:25:44","slug":"arena-pet-spa-carbon","status":"publish","type":"product","link":"https:\/\/petspa.com.co\/cr\/tienda\/aseo\/sanitarios\/arena-pet-spa-carbon\/","title":{"rendered":"Arena Pet Spa Carbo\u0301n"},"content":{"rendered":"","protected":false},"excerpt":{"rendered":"<p>Conoce la arena Pet Spa Carb\u00f3n, una alternativa ideal de sanitario para tu gato que controla perfectamente los olores con una mayor potencia.Est\u00e1 compuesta por part\u00edculas de arcilla tipo bentonita de sodio natural, adem\u00e1s cuenta con una densidad ultraligera y una fragancia agradable. Su acci\u00f3n aglomerante controla y neutraliza los olores de heces y orina de forma duradera, garantizando un ambiente fresco y limpio por m\u00e1s tiempo. Experimenta el poder de nuestra arena para mantener tu hogar libre de malos olores.<\/p>\n<p>R\u00e1pido poder aglutinante y encapsulamiento del olor.<br \/>\nNo se pega a las patas.<br \/>\nMantiene el contenedor seco y limpio.<\/p>\n<p>Carb\u00f3n: M\u00e1s potencia, m\u00e1s comodidad.<\/p>\n","protected":false},"featured_media":5637,"comment_status":"open","ping_status":"closed","template":"","meta":{"site-sidebar-layout":"default","site-content-layout":"","ast-site-content-layout":"default","site-content-style":"default","site-sidebar-style":"default","ast-global-header-display":"","ast-banner-title-visibility":"","ast-main-header-display":"","ast-hfb-above-header-display":"","ast-hfb-below-header-display":"","ast-hfb-mobile-header-display":"","site-post-title":"","ast-breadcrumbs-content":"","ast-featured-img":"","footer-sml-layout":"","ast-disable-related-posts":"","theme-transparent-header-meta":"default","adv-header-id-meta":"","stick-header-meta":"","header-above-stick-meta":"","header-main-stick-meta":"","header-below-stick-meta":"","astra-migrate-meta-layouts":"set","ast-page-background-enabled":"default","ast-page-background-meta":{"desktop":{"background-color":"var(--ast-global-color-4)","background-image":"","background-repeat":"repeat","background-position":"center center","background-size":"auto","background-attachment":"scroll","background-type":"","background-media":"","overlay-type":"","overlay-color":"","overlay-opacity":"","overlay-gradient":""},"tablet":{"background-color":"","background-image":"","background-repeat":"repeat","background-position":"center center","background-size":"auto","background-attachment":"scroll","background-type":"","background-media":"","overlay-type":"","overlay-color":"","overlay-opacity":"","overlay-gradient":""},"mobile":{"background-color":"","background-image":"","background-repeat":"repeat","background-position":"center center","background-size":"auto","background-attachment":"scroll","background-type":"","background-media":"","overlay-type":"","overlay-color":"","overlay-opacity":"","overlay-gradient":""}},"ast-content-background-meta":{"desktop":{"background-color":"var(--ast-global-color-5)","background-image":"","background-repeat":"repeat","background-position":"center center","background-size":"auto","background-attachment":"scroll","background-type":"","background-media":"","overlay-type":"","overlay-color":"","overlay-opacity":"","overlay-gradient":""},"tablet":{"background-color":"var(--ast-global-color-5)","background-image":"","background-repeat":"repeat","background-position":"center center","background-size":"auto","background-attachment":"scroll","background-type":"","background-media":"","overlay-type":"","overlay-color":"","overlay-opacity":"","overlay-gradient":""},"mobile":{"background-color":"var(--ast-global-color-5)","background-image":"","background-repeat":"repeat","background-position":"center center","background-size":"auto","background-attachment":"scroll","background-type":"","background-media":"","overlay-type":"","overlay-color":"","overlay-opacity":"","overlay-gradient":""}}},"product_brand":[],"product_cat":[38,27,35],"product_tag":[],"class_list":{"0":"post-5633","1":"product","2":"type-product","3":"status-publish","4":"has-post-thumbnail","6":"product_cat-aseo","7":"product_cat-gatos","8":"product_cat-sanitarios","9":"desktop-align-center","10":"tablet-align-left","11":"mobile-align-left","13":"first","14":"instock","15":"featured","16":"shipping-taxable","17":"product-type-variable"},"_links":{"self":[{"href":"https:\/\/petspa.com.co\/cr\/wp-json\/wp\/v2\/product\/5633","targetHints":{"allow":["GET"]}}],"collection":[{"href":"https:\/\/petspa.com.co\/cr\/wp-json\/wp\/v2\/product"}],"about":[{"href":"https:\/\/petspa.com.co\/cr\/wp-json\/wp\/v2\/types\/product"}],"replies":[{"embeddable":true,"href":"https:\/\/petspa.com.co\/cr\/wp-json\/wp\/v2\/comments?post=5633"}],"wp:featuredmedia":[{"embeddable":true,"href":"https:\/\/petspa.com.co\/cr\/wp-json\/wp\/v2\/media\/5637"}],"wp:attachment":[{"href":"https:\/\/petspa.com.co\/cr\/wp-json\/wp\/v2\/media?parent=5633"}],"wp:term":[{"taxonomy":"product_brand","embeddable":true,"href":"https:\/\/petspa.com.co\/cr\/wp-json\/wp\/v2\/product_brand?post=5633"},{"taxonomy":"product_cat","embeddable":true,"href":"https:\/\/petspa.com.co\/cr\/wp-json\/wp\/v2\/product_cat?post=5633"},{"taxonomy":"product_tag","embeddable":true,"href":"https:\/\/petspa.com.co\/cr\/wp-json\/wp\/v2\/product_tag?post=5633"}],"curies":[{"name":"wp","href":"https:\/\/api.w.org\/{rel}","templated":true}]}}