{"id":5072,"date":"2024-05-16T21:36:52","date_gmt":"2024-05-16T21:36:52","guid":{"rendered":"https:\/\/petspa.com.co\/hn\/?page_id=5072"},"modified":"2024-06-20T12:56:39","modified_gmt":"2024-06-20T17:56:39","slug":"indulgencia","status":"publish","type":"page","link":"https:\/\/petspa.com.co\/hn\/indulgencia\/","title":{"rendered":"Indulgencia"},"content":{"rendered":"\t\t<div data-elementor-type=\"wp-page\" data-elementor-id=\"5072\" class=\"elementor elementor-5072\" data-elementor-post-type=\"page\">\n\t\t\t\t\t\t<section class=\"elementor-section elementor-top-section elementor-element elementor-element-057219a elementor-section-full_width elementor-section-height-default elementor-section-height-default\" data-id=\"057219a\" data-element_type=\"section\" data-e-type=\"section\">\n\t\t\t\t\t\t<div class=\"elementor-container elementor-column-gap-default\">\n\t\t\t\t\t<div class=\"elementor-column elementor-col-100 elementor-top-column elementor-element elementor-element-9025ed2\" data-id=\"9025ed2\" data-element_type=\"column\" data-e-type=\"column\">\n\t\t\t<div class=\"elementor-widget-wrap elementor-element-populated\">\n\t\t\t\t\t\t<div class=\"elementor-element elementor-element-ade1081 elementor-widget__width-inherit elementor-widget elementor-widget-image\" data-id=\"ade1081\" data-element_type=\"widget\" data-e-type=\"widget\" data-widget_type=\"image.default\">\n\t\t\t\t<div class=\"elementor-widget-container\">\n\t\t\t\t\t\t\t\t\t\t\t\t\t\t\t<img fetchpriority=\"high\" decoding=\"async\" width=\"1426\" height=\"301\" src=\"https:\/\/petspa.com.co\/hn\/wp-content\/uploads\/sites\/8\/2024\/06\/Mesa-de-trabajo-1_1.jpg\" class=\"attachment-full size-full wp-image-6040\" alt=\"\" srcset=\"https:\/\/petspa.com.co\/hn\/wp-content\/uploads\/sites\/8\/2024\/06\/Mesa-de-trabajo-1_1.jpg 1426w, https:\/\/petspa.com.co\/hn\/wp-content\/uploads\/sites\/8\/2024\/06\/Mesa-de-trabajo-1_1-300x63.jpg 300w, https:\/\/petspa.com.co\/hn\/wp-content\/uploads\/sites\/8\/2024\/06\/Mesa-de-trabajo-1_1-1024x216.jpg 1024w, https:\/\/petspa.com.co\/hn\/wp-content\/uploads\/sites\/8\/2024\/06\/Mesa-de-trabajo-1_1-768x162.jpg 768w, https:\/\/petspa.com.co\/hn\/wp-content\/uploads\/sites\/8\/2024\/06\/Mesa-de-trabajo-1_1-600x127.jpg 600w\" sizes=\"(max-width: 1426px) 100vw, 1426px\" \/>\t\t\t\t\t\t\t\t\t\t\t\t\t\t\t<\/div>\n\t\t\t\t<\/div>\n\t\t\t\t\t<\/div>\n\t\t<\/div>\n\t\t\t\t\t<\/div>\n\t\t<\/section>\n\t\t\t\t<section class=\"elementor-section elementor-top-section elementor-element elementor-element-a3b68fc elementor-section-boxed elementor-section-height-default elementor-section-height-default\" data-id=\"a3b68fc\" data-element_type=\"section\" data-e-type=\"section\" data-settings=\"{&quot;background_background&quot;:&quot;classic&quot;}\">\n\t\t\t\t\t\t<div class=\"elementor-container elementor-column-gap-default\">\n\t\t\t\t\t<div class=\"elementor-column elementor-col-100 elementor-top-column elementor-element elementor-element-917455c\" data-id=\"917455c\" data-element_type=\"column\" data-e-type=\"column\">\n\t\t\t<div class=\"elementor-widget-wrap elementor-element-populated\">\n\t\t\t\t\t\t<section class=\"elementor-section elementor-inner-section elementor-element elementor-element-f446e00 elementor-section-boxed elementor-section-height-default elementor-section-height-default\" data-id=\"f446e00\" data-element_type=\"section\" data-e-type=\"section\">\n\t\t\t\t\t\t<div class=\"elementor-container elementor-column-gap-default\">\n\t\t\t\t\t<div class=\"elementor-column elementor-col-50 elementor-inner-column elementor-element elementor-element-9085bc2\" data-id=\"9085bc2\" data-element_type=\"column\" data-e-type=\"column\">\n\t\t\t<div class=\"elementor-widget-wrap elementor-element-populated\">\n\t\t\t\t\t\t<div class=\"elementor-element elementor-element-22cdab3 elementor-widget elementor-widget-image\" data-id=\"22cdab3\" data-element_type=\"widget\" data-e-type=\"widget\" data-widget_type=\"image.default\">\n\t\t\t\t<div class=\"elementor-widget-container\">\n\t\t\t\t\t\t\t\t\t\t\t\t\t\t\t\t<a href=\"#galletas\">\n\t\t\t\t\t\t\t<img decoding=\"async\" width=\"512\" height=\"512\" src=\"https:\/\/petspa.com.co\/hn\/wp-content\/uploads\/sites\/8\/2024\/05\/GalletaNatural.png\" class=\"elementor-animation-bounce-in attachment-full size-full wp-image-5074\" alt=\"\" srcset=\"https:\/\/petspa.com.co\/hn\/wp-content\/uploads\/sites\/8\/2024\/05\/GalletaNatural.png 512w, https:\/\/petspa.com.co\/hn\/wp-content\/uploads\/sites\/8\/2024\/05\/GalletaNatural-300x300.png 300w, https:\/\/petspa.com.co\/hn\/wp-content\/uploads\/sites\/8\/2024\/05\/GalletaNatural-150x150.png 150w\" sizes=\"(max-width: 512px) 100vw, 512px\" \/>\t\t\t\t\t\t\t\t<\/a>\n\t\t\t\t\t\t\t\t\t\t\t\t\t\t\t<\/div>\n\t\t\t\t<\/div>\n\t\t\t\t<div class=\"elementor-element elementor-element-12fc0f5 elementor-widget elementor-widget-heading\" data-id=\"12fc0f5\" data-element_type=\"widget\" data-e-type=\"widget\" data-widget_type=\"heading.default\">\n\t\t\t\t<div class=\"elementor-widget-container\">\n\t\t\t\t\t<h2 class=\"elementor-heading-title elementor-size-default\">Galletas<\/h2>\t\t\t\t<\/div>\n\t\t\t\t<\/div>\n\t\t\t\t\t<\/div>\n\t\t<\/div>\n\t\t\t\t<div class=\"elementor-column elementor-col-50 elementor-inner-column elementor-element elementor-element-cca22c1\" data-id=\"cca22c1\" data-element_type=\"column\" data-e-type=\"column\">\n\t\t\t<div class=\"elementor-widget-wrap elementor-element-populated\">\n\t\t\t\t\t\t<div class=\"elementor-element elementor-element-b7fe8d7 elementor-widget elementor-widget-image\" data-id=\"b7fe8d7\" data-element_type=\"widget\" data-e-type=\"widget\" data-widget_type=\"image.default\">\n\t\t\t\t<div class=\"elementor-widget-container\">\n\t\t\t\t\t\t\t\t\t\t\t\t\t\t\t\t<a href=\"#salsas\">\n\t\t\t\t\t\t\t<img decoding=\"async\" width=\"512\" height=\"512\" src=\"https:\/\/petspa.com.co\/hn\/wp-content\/uploads\/sites\/8\/2024\/05\/SalsaNatural.png\" class=\"elementor-animation-bounce-in attachment-full size-full wp-image-5076\" alt=\"\" srcset=\"https:\/\/petspa.com.co\/hn\/wp-content\/uploads\/sites\/8\/2024\/05\/SalsaNatural.png 512w, https:\/\/petspa.com.co\/hn\/wp-content\/uploads\/sites\/8\/2024\/05\/SalsaNatural-300x300.png 300w, https:\/\/petspa.com.co\/hn\/wp-content\/uploads\/sites\/8\/2024\/05\/SalsaNatural-150x150.png 150w\" sizes=\"(max-width: 512px) 100vw, 512px\" \/>\t\t\t\t\t\t\t\t<\/a>\n\t\t\t\t\t\t\t\t\t\t\t\t\t\t\t<\/div>\n\t\t\t\t<\/div>\n\t\t\t\t<div class=\"elementor-element elementor-element-5b4949b elementor-widget elementor-widget-heading\" data-id=\"5b4949b\" data-element_type=\"widget\" data-e-type=\"widget\" data-widget_type=\"heading.default\">\n\t\t\t\t<div class=\"elementor-widget-container\">\n\t\t\t\t\t<h2 class=\"elementor-heading-title elementor-size-default\">Salsas<\/h2>\t\t\t\t<\/div>\n\t\t\t\t<\/div>\n\t\t\t\t\t<\/div>\n\t\t<\/div>\n\t\t\t\t\t<\/div>\n\t\t<\/section>\n\t\t\t\t\t<\/div>\n\t\t<\/div>\n\t\t\t\t\t<\/div>\n\t\t<\/section>\n\t\t\t\t<section class=\"elementor-section elementor-top-section elementor-element elementor-element-8e4bace elementor-section-boxed elementor-section-height-default elementor-section-height-default\" data-id=\"8e4bace\" data-element_type=\"section\" data-e-type=\"section\" data-settings=\"{&quot;background_background&quot;:&quot;classic&quot;}\">\n\t\t\t\t\t\t<div class=\"elementor-container elementor-column-gap-default\">\n\t\t\t\t\t<div class=\"elementor-column elementor-col-100 elementor-top-column elementor-element elementor-element-1899836\" data-id=\"1899836\" data-element_type=\"column\" data-e-type=\"column\">\n\t\t\t<div class=\"elementor-widget-wrap elementor-element-populated\">\n\t\t\t\t\t\t<div class=\"elementor-element elementor-element-326ce83 elementor-widget elementor-widget-heading\" data-id=\"326ce83\" data-element_type=\"widget\" data-e-type=\"widget\" data-widget_type=\"heading.default\">\n\t\t\t\t<div class=\"elementor-widget-container\">\n\t\t\t\t\t<h2 class=\"elementor-heading-title elementor-size-default\">Galletas<\/h2>\t\t\t\t<\/div>\n\t\t\t\t<\/div>\n\t\t\t\t\t<\/div>\n\t\t<\/div>\n\t\t\t\t\t<\/div>\n\t\t<\/section>\n\t\t\t\t<section class=\"elementor-section elementor-top-section elementor-element elementor-element-7b59d32 elementor-section-boxed elementor-section-height-default elementor-section-height-default\" data-id=\"7b59d32\" data-element_type=\"section\" data-e-type=\"section\" id=\"galletas\">\n\t\t\t\t\t\t<div class=\"elementor-container elementor-column-gap-default\">\n\t\t\t\t\t<div class=\"elementor-column elementor-col-100 elementor-top-column elementor-element elementor-element-65a0e2a\" data-id=\"65a0e2a\" data-element_type=\"column\" data-e-type=\"column\">\n\t\t\t<div class=\"elementor-widget-wrap elementor-element-populated\">\n\t\t\t\t\t\t<div class=\"elementor-element elementor-element-af1906b premium-woo-product-align-center premium-qv-hidden-yes elementor-widget elementor-widget-premium-woo-products\" data-id=\"af1906b\" data-element_type=\"widget\" data-e-type=\"widget\" data-widget_type=\"premium-woo-products.grid-1\">\n\t\t\t\t<div class=\"elementor-widget-container\">\n\t\t\t\t\t<div class=\"premium-woocommerce premium-woo-products-grid premium-woo-skin-grid-1 premium-woo-query-custom\" data-page-id=\"5072\" data-skin=\"grid_1\" data-quick-view=\"yes\"><div class=\"premium-woo-products-inner premium-woo-product__hover-swap\"><ul class=\"products columns-3\">\n\n<li class=\" post-5422 product first instock featured shipping-taxable product-type-simple\">\n\t<div class=\"premium-woo-product-wrapper premium-con-lq__none\">\n\t\t<div class=\"premium-woo-product-thumbnail\"><div class=\"premium-woo-ribbon-container\"><\/div><a href=\"https:\/\/petspa.com.co\/hn\/tienda\/indulgencia-pet-food\/galletas\/galleta-natural-select-puppy\/\" class=\"woocommerce-LoopProduct-link woocommerce-loop-product__link\"><img decoding=\"async\" src=\"https:\/\/petspa.com.co\/hn\/wp-content\/uploads\/sites\/8\/2023\/04\/006243_1.png\" alt=\"\"><img loading=\"lazy\" decoding=\"async\" width=\"600\" height=\"600\" src=\"https:\/\/petspa.com.co\/hn\/wp-content\/uploads\/sites\/8\/2023\/04\/006495_1-600x600-1.png\" class=\"premium-woo-product__on_hover\" alt=\"\" \/><\/a><div class=\"premium-woo-qv-btn premium-woo-qv-btn-translate\" data-product-id=\"5422\">Vista r\u00e1pida<i class=\"premium-woo-qv-icon fa fa-eye\" aria-hidden=\"true\"><\/i><\/div><\/div><div class=\"premium-woo-products-details-wrap\"><a href=\"https:\/\/petspa.com.co\/hn\/tienda\/indulgencia-pet-food\/galletas\/galleta-natural-select-puppy\/\" class=\"premium-woo-product__link\"><h2 class=\"woocommerce-loop-product__title\">Galleta Natural Select Puppy<\/h2><\/a><\/div>\t<\/div>\n<\/li>\n\n<li class=\" post-5425 product  instock featured shipping-taxable product-type-simple\">\n\t<div class=\"premium-woo-product-wrapper premium-con-lq__none\">\n\t\t<div class=\"premium-woo-product-thumbnail\"><div class=\"premium-woo-ribbon-container\"><\/div><a href=\"https:\/\/petspa.com.co\/hn\/tienda\/indulgencia-pet-food\/galletas\/galleta-natural-select-pollo\/\" class=\"woocommerce-LoopProduct-link woocommerce-loop-product__link\"><img decoding=\"async\" src=\"https:\/\/petspa.com.co\/hn\/wp-content\/uploads\/sites\/8\/2023\/04\/006220_1.png\" alt=\"\"><img loading=\"lazy\" decoding=\"async\" width=\"2000\" height=\"2000\" src=\"https:\/\/petspa.com.co\/hn\/wp-content\/uploads\/sites\/8\/2023\/04\/006489_1.png\" class=\"premium-woo-product__on_hover\" alt=\"\" \/><\/a><div class=\"premium-woo-qv-btn premium-woo-qv-btn-translate\" data-product-id=\"5425\">Vista r\u00e1pida<i class=\"premium-woo-qv-icon fa fa-eye\" aria-hidden=\"true\"><\/i><\/div><\/div><div class=\"premium-woo-products-details-wrap\"><a href=\"https:\/\/petspa.com.co\/hn\/tienda\/indulgencia-pet-food\/galletas\/galleta-natural-select-pollo\/\" class=\"premium-woo-product__link\"><h2 class=\"woocommerce-loop-product__title\">Galleta Natural Select Pollo<\/h2><\/a><\/div>\t<\/div>\n<\/li>\n\n<li class=\" post-5423 product last instock featured shipping-taxable product-type-simple\">\n\t<div class=\"premium-woo-product-wrapper premium-con-lq__none\">\n\t\t<div class=\"premium-woo-product-thumbnail\"><div class=\"premium-woo-ribbon-container\"><\/div><a href=\"https:\/\/petspa.com.co\/hn\/tienda\/indulgencia-pet-food\/galletas\/galleta-natural-select-mini\/\" class=\"woocommerce-LoopProduct-link woocommerce-loop-product__link\"><img decoding=\"async\" src=\"https:\/\/petspa.com.co\/hn\/wp-content\/uploads\/sites\/8\/2023\/04\/000677_1.png\" alt=\"\"><img loading=\"lazy\" decoding=\"async\" width=\"2000\" height=\"2000\" src=\"https:\/\/petspa.com.co\/hn\/wp-content\/uploads\/sites\/8\/2023\/04\/002145_1.png\" class=\"premium-woo-product__on_hover\" alt=\"\" \/><\/a><div class=\"premium-woo-qv-btn premium-woo-qv-btn-translate\" data-product-id=\"5423\">Vista r\u00e1pida<i class=\"premium-woo-qv-icon fa fa-eye\" aria-hidden=\"true\"><\/i><\/div><\/div><div class=\"premium-woo-products-details-wrap\"><a href=\"https:\/\/petspa.com.co\/hn\/tienda\/indulgencia-pet-food\/galletas\/galleta-natural-select-mini\/\" class=\"premium-woo-product__link\"><h2 class=\"woocommerce-loop-product__title\">Galleta Natural Select Mini<\/h2><\/a><\/div>\t<\/div>\n<\/li>\n\n<li class=\" post-5424 product first instock featured shipping-taxable product-type-simple\">\n\t<div class=\"premium-woo-product-wrapper premium-con-lq__none\">\n\t\t<div class=\"premium-woo-product-thumbnail\"><div class=\"premium-woo-ribbon-container\"><\/div><a href=\"https:\/\/petspa.com.co\/hn\/tienda\/indulgencia-pet-food\/galletas\/galleta-natural-select-maxi\/\" class=\"woocommerce-LoopProduct-link woocommerce-loop-product__link\"><img decoding=\"async\" src=\"https:\/\/petspa.com.co\/hn\/wp-content\/uploads\/sites\/8\/2023\/04\/000676_1.png\" alt=\"\"><img loading=\"lazy\" decoding=\"async\" width=\"2000\" height=\"2000\" src=\"https:\/\/petspa.com.co\/hn\/wp-content\/uploads\/sites\/8\/2023\/04\/002144_1.png\" class=\"premium-woo-product__on_hover\" alt=\"\" \/><\/a><div class=\"premium-woo-qv-btn premium-woo-qv-btn-translate\" data-product-id=\"5424\">Vista r\u00e1pida<i class=\"premium-woo-qv-icon fa fa-eye\" aria-hidden=\"true\"><\/i><\/div><\/div><div class=\"premium-woo-products-details-wrap\"><a href=\"https:\/\/petspa.com.co\/hn\/tienda\/indulgencia-pet-food\/galletas\/galleta-natural-select-maxi\/\" class=\"premium-woo-product__link\"><h2 class=\"woocommerce-loop-product__title\">Galleta Natural Select Maxi<\/h2><\/a><\/div>\t<\/div>\n<\/li>\n<\/ul>\n<\/div><\/div><div id=\"premium-woo-quick-view-af1906b\" class=\"premium-woo-quick-view-af1906b\">\n\t<div class=\"premium-woo-quick-view-back\">\n\t\t<div class=\"premium-woo-quick-view-loader\"><\/div>\n\t<\/div>\n\t<div id=\"premium-woo-quick-view-modal\">\n\t\t<div class=\"premium-woo-content-main-wrapper\"><!--\n\t\t--><div class=\"premium-woo-content-main\">\n\t\t\t\t<div class=\"premium-woo-lightbox-content\">\n\n\t\t\t\t\t<a href=\"#\" class=\"premium-woo-quick-view-close fa fa-window-close\"><\/a>\n\n\t\t\t\t\t<div id=\"premium-woo-quick-view-content\" class=\"woocommerce single-product\"><\/div>\n\t\t\t\t<\/div>\n\t\t\t<\/div>\n\t\t<\/div>\n\t<\/div>\n<\/div>\n\t\t\t\t<\/div>\n\t\t\t\t<\/div>\n\t\t\t\t\t<\/div>\n\t\t<\/div>\n\t\t\t\t\t<\/div>\n\t\t<\/section>\n\t\t\t\t<section class=\"elementor-section elementor-top-section elementor-element elementor-element-9b75a3d elementor-section-boxed elementor-section-height-default elementor-section-height-default\" data-id=\"9b75a3d\" data-element_type=\"section\" data-e-type=\"section\" data-settings=\"{&quot;background_background&quot;:&quot;classic&quot;}\">\n\t\t\t\t\t\t<div class=\"elementor-container elementor-column-gap-default\">\n\t\t\t\t\t<div class=\"elementor-column elementor-col-100 elementor-top-column elementor-element elementor-element-dac618b\" data-id=\"dac618b\" data-element_type=\"column\" data-e-type=\"column\">\n\t\t\t<div class=\"elementor-widget-wrap elementor-element-populated\">\n\t\t\t\t\t\t<div class=\"elementor-element elementor-element-276ab0c elementor-widget elementor-widget-heading\" data-id=\"276ab0c\" data-element_type=\"widget\" data-e-type=\"widget\" data-widget_type=\"heading.default\">\n\t\t\t\t<div class=\"elementor-widget-container\">\n\t\t\t\t\t<h2 class=\"elementor-heading-title elementor-size-default\">Salsas<\/h2>\t\t\t\t<\/div>\n\t\t\t\t<\/div>\n\t\t\t\t\t<\/div>\n\t\t<\/div>\n\t\t\t\t\t<\/div>\n\t\t<\/section>\n\t\t\t\t<section class=\"elementor-section elementor-top-section elementor-element elementor-element-d6580fe elementor-section-boxed elementor-section-height-default elementor-section-height-default\" data-id=\"d6580fe\" data-element_type=\"section\" data-e-type=\"section\" id=\"salsas\">\n\t\t\t\t\t\t<div class=\"elementor-container elementor-column-gap-default\">\n\t\t\t\t\t<div class=\"elementor-column elementor-col-100 elementor-top-column elementor-element elementor-element-17af5c6\" data-id=\"17af5c6\" data-element_type=\"column\" data-e-type=\"column\">\n\t\t\t<div class=\"elementor-widget-wrap elementor-element-populated\">\n\t\t\t\t\t\t<div class=\"elementor-element elementor-element-6d35b76 premium-woo-product-align-center premium-qv-hidden-yes elementor-widget elementor-widget-premium-woo-products\" data-id=\"6d35b76\" data-element_type=\"widget\" data-e-type=\"widget\" data-widget_type=\"premium-woo-products.grid-1\">\n\t\t\t\t<div class=\"elementor-widget-container\">\n\t\t\t\t\t<div class=\"premium-woocommerce premium-woo-products-grid premium-woo-skin-grid-1 premium-woo-query-custom\" data-page-id=\"5072\" data-skin=\"grid_1\" data-quick-view=\"yes\"><div class=\"premium-woo-products-inner premium-woo-product__hover-swap\"><ul class=\"products columns-3\">\n\n<li class=\" post-5431 product first instock shipping-taxable product-type-simple\">\n\t<div class=\"premium-woo-product-wrapper premium-con-lq__none\">\n\t\t<div class=\"premium-woo-product-thumbnail\"><a href=\"https:\/\/petspa.com.co\/hn\/tienda\/indulgencia-pet-food\/salsas\/salsas-natural-select-carne\/\" class=\"woocommerce-LoopProduct-link woocommerce-loop-product__link\"><img decoding=\"async\" src=\"https:\/\/petspa.com.co\/hn\/wp-content\/uploads\/sites\/8\/2023\/04\/000671_1.png\" alt=\"\"><\/a><div class=\"premium-woo-qv-btn premium-woo-qv-btn-translate\" data-product-id=\"5431\">Vista r\u00e1pida<i class=\"premium-woo-qv-icon fa fa-eye\" aria-hidden=\"true\"><\/i><\/div><\/div><div class=\"premium-woo-products-details-wrap\"><a href=\"https:\/\/petspa.com.co\/hn\/tienda\/indulgencia-pet-food\/salsas\/salsas-natural-select-carne\/\" class=\"premium-woo-product__link\"><h2 class=\"woocommerce-loop-product__title\">Salsas Natural Select Carne<\/h2><\/a><\/div>\t<\/div>\n<\/li>\n\n<li class=\" post-5434 product  instock shipping-taxable product-type-simple\">\n\t<div class=\"premium-woo-product-wrapper premium-con-lq__none\">\n\t\t<div class=\"premium-woo-product-thumbnail\"><a href=\"https:\/\/petspa.com.co\/hn\/tienda\/indulgencia-pet-food\/salsas\/salsas-natural-select-pollo\/\" class=\"woocommerce-LoopProduct-link woocommerce-loop-product__link\"><img decoding=\"async\" src=\"https:\/\/petspa.com.co\/hn\/wp-content\/uploads\/sites\/8\/2023\/04\/000670_1.png\" alt=\"\"><\/a><div class=\"premium-woo-qv-btn premium-woo-qv-btn-translate\" data-product-id=\"5434\">Vista r\u00e1pida<i class=\"premium-woo-qv-icon fa fa-eye\" aria-hidden=\"true\"><\/i><\/div><\/div><div class=\"premium-woo-products-details-wrap\"><a href=\"https:\/\/petspa.com.co\/hn\/tienda\/indulgencia-pet-food\/salsas\/salsas-natural-select-pollo\/\" class=\"premium-woo-product__link\"><h2 class=\"woocommerce-loop-product__title\">Salsas Natural Select Pollo<\/h2><\/a><\/div>\t<\/div>\n<\/li>\n\n<li class=\" post-5432 product last instock shipping-taxable product-type-simple\">\n\t<div class=\"premium-woo-product-wrapper premium-con-lq__none\">\n\t\t<div class=\"premium-woo-product-thumbnail\"><a href=\"https:\/\/petspa.com.co\/hn\/tienda\/indulgencia-pet-food\/salsas\/salsas-natural-select-tocineta\/\" class=\"woocommerce-LoopProduct-link woocommerce-loop-product__link\"><img decoding=\"async\" src=\"https:\/\/petspa.com.co\/hn\/wp-content\/uploads\/sites\/8\/2023\/04\/00067_1.png\" alt=\"\"><\/a><div class=\"premium-woo-qv-btn premium-woo-qv-btn-translate\" data-product-id=\"5432\">Vista r\u00e1pida<i class=\"premium-woo-qv-icon fa fa-eye\" aria-hidden=\"true\"><\/i><\/div><\/div><div class=\"premium-woo-products-details-wrap\"><a href=\"https:\/\/petspa.com.co\/hn\/tienda\/indulgencia-pet-food\/salsas\/salsas-natural-select-tocineta\/\" class=\"premium-woo-product__link\"><h2 class=\"woocommerce-loop-product__title\">Salsas Natural Select Tocineta<\/h2><\/a><\/div>\t<\/div>\n<\/li>\n<\/ul>\n<\/div><\/div><div id=\"premium-woo-quick-view-6d35b76\" class=\"premium-woo-quick-view-6d35b76\">\n\t<div class=\"premium-woo-quick-view-back\">\n\t\t<div class=\"premium-woo-quick-view-loader\"><\/div>\n\t<\/div>\n\t<div id=\"premium-woo-quick-view-modal\">\n\t\t<div class=\"premium-woo-content-main-wrapper\"><!--\n\t\t--><div class=\"premium-woo-content-main\">\n\t\t\t\t<div class=\"premium-woo-lightbox-content\">\n\n\t\t\t\t\t<a href=\"#\" class=\"premium-woo-quick-view-close fa fa-window-close\"><\/a>\n\n\t\t\t\t\t<div id=\"premium-woo-quick-view-content\" class=\"woocommerce single-product\"><\/div>\n\t\t\t\t<\/div>\n\t\t\t<\/div>\n\t\t<\/div>\n\t<\/div>\n<\/div>\n\t\t\t\t<\/div>\n\t\t\t\t<\/div>\n\t\t\t\t\t<\/div>\n\t\t<\/div>\n\t\t\t\t\t<\/div>\n\t\t<\/section>\n\t\t\t\t<\/div>\n\t\t","protected":false},"excerpt":{"rendered":"<p>Galletas Salsas Galletas Vista r\u00e1pida Galleta Natural Select Puppy Vista r\u00e1pida Galleta Natural Select Pollo Vista r\u00e1pida Galleta Natural Select Mini Vista r\u00e1pida Galleta Natural Select Maxi Vista r\u00e1pida Galleta Bongo Parrilla Vista r\u00e1pida Galleta Bongo Leche Salsas Vista r\u00e1pida Salsas Natural Select Carne Vista r\u00e1pida Salsas Natural Select Pollo Vista r\u00e1pida Salsas Natural Select [&hellip;]<\/p>\n","protected":false},"author":1,"featured_media":0,"parent":0,"menu_order":0,"comment_status":"closed","ping_status":"closed","template":"","meta":{"site-sidebar-layout":"no-sidebar","site-content-layout":"page-builder","ast-site-content-layout":"full-width-container","site-content-style":"default","site-sidebar-style":"default","ast-global-header-display":"","ast-banner-title-visibility":"","ast-main-header-display":"","ast-hfb-above-header-display":"","ast-hfb-below-header-display":"","ast-hfb-mobile-header-display":"","site-post-title":"disabled","ast-breadcrumbs-content":"","ast-featured-img":"disabled","footer-sml-layout":"","ast-disable-related-posts":"","theme-transparent-header-meta":"","adv-header-id-meta":"","stick-header-meta":"","header-above-stick-meta":"","header-main-stick-meta":"","header-below-stick-meta":"","astra-migrate-meta-layouts":"set","ast-page-background-enabled":"default","ast-page-background-meta":{"desktop":{"background-color":"var(--ast-global-color-4)","background-image":"","background-repeat":"repeat","background-position":"center center","background-size":"auto","background-attachment":"scroll","background-type":"","background-media":"","overlay-type":"","overlay-color":"","overlay-opacity":"","overlay-gradient":""},"tablet":{"background-color":"","background-image":"","background-repeat":"repeat","background-position":"center center","background-size":"auto","background-attachment":"scroll","background-type":"","background-media":"","overlay-type":"","overlay-color":"","overlay-opacity":"","overlay-gradient":""},"mobile":{"background-color":"","background-image":"","background-repeat":"repeat","background-position":"center center","background-size":"auto","background-attachment":"scroll","background-type":"","background-media":"","overlay-type":"","overlay-color":"","overlay-opacity":"","overlay-gradient":""}},"ast-content-background-meta":{"desktop":{"background-color":"var(--ast-global-color-5)","background-image":"","background-repeat":"repeat","background-position":"center center","background-size":"auto","background-attachment":"scroll","background-type":"","background-media":"","overlay-type":"","overlay-color":"","overlay-opacity":"","overlay-gradient":""},"tablet":{"background-color":"var(--ast-global-color-5)","background-image":"","background-repeat":"repeat","background-position":"center center","background-size":"auto","background-attachment":"scroll","background-type":"","background-media":"","overlay-type":"","overlay-color":"","overlay-opacity":"","overlay-gradient":""},"mobile":{"background-color":"var(--ast-global-color-5)","background-image":"","background-repeat":"repeat","background-position":"center center","background-size":"auto","background-attachment":"scroll","background-type":"","background-media":"","overlay-type":"","overlay-color":"","overlay-opacity":"","overlay-gradient":""}},"footnotes":""},"class_list":["post-5072","page","type-page","status-publish","hentry","desktop-align-center","tablet-align-left","mobile-align-left"],"_links":{"self":[{"href":"https:\/\/petspa.com.co\/hn\/wp-json\/wp\/v2\/pages\/5072","targetHints":{"allow":["GET"]}}],"collection":[{"href":"https:\/\/petspa.com.co\/hn\/wp-json\/wp\/v2\/pages"}],"about":[{"href":"https:\/\/petspa.com.co\/hn\/wp-json\/wp\/v2\/types\/page"}],"author":[{"embeddable":true,"href":"https:\/\/petspa.com.co\/hn\/wp-json\/wp\/v2\/users\/1"}],"replies":[{"embeddable":true,"href":"https:\/\/petspa.com.co\/hn\/wp-json\/wp\/v2\/comments?post=5072"}],"version-history":[{"count":135,"href":"https:\/\/petspa.com.co\/hn\/wp-json\/wp\/v2\/pages\/5072\/revisions"}],"predecessor-version":[{"id":6088,"href":"https:\/\/petspa.com.co\/hn\/wp-json\/wp\/v2\/pages\/5072\/revisions\/6088"}],"wp:attachment":[{"href":"https:\/\/petspa.com.co\/hn\/wp-json\/wp\/v2\/media?parent=5072"}],"curies":[{"name":"wp","href":"https:\/\/api.w.org\/{rel}","templated":true}]}}