{"id":5300,"date":"2024-05-17T17:29:11","date_gmt":"2024-05-17T17:29:11","guid":{"rendered":"https:\/\/petspa.com.co\/hn\/?post_type=product&#038;p=5300"},"modified":"2024-06-21T12:47:08","modified_gmt":"2024-06-21T17:47:08","slug":"tapete-de-entrenamiento-higienico","status":"publish","type":"product","link":"https:\/\/petspa.com.co\/hn\/tienda\/aseo\/tapetes\/tapete-de-entrenamiento-higienico\/","title":{"rendered":"Tapete de Entrenamiento Higi\u00e9nico"},"content":{"rendered":"","protected":false},"excerpt":{"rendered":"<p>El tapete de entrenamiento higi\u00e9nico Pet Spa es la soluci\u00f3n perfecta para entrenar a tu perro y mantener la higiene en apartamentos. Con su avanzada tecnolog\u00eda de conversi\u00f3n de l\u00edquidos en gel, facilita la retenci\u00f3n y evita derrames. La forma de las almohadillas tiene un control integrado que neutraliza los olores dif\u00edciles, mientras que el soporte de pl\u00e1stico y los bordes sellados protegen tu piso de cualquier filtraci\u00f3n.<\/p>\n<p>Facilidad de uso y comodidad para el adiestramiento.<br \/>\nNeutraliza los olores.<br \/>\nIdeal para mantener la higiene en espacios cerrados.<br \/>\nPresentaciones de 7, 14 y 30 unidades.<\/p>\n","protected":false},"featured_media":1587,"comment_status":"open","ping_status":"closed","template":"","meta":{"site-sidebar-layout":"default","site-content-layout":"","ast-site-content-layout":"default","site-content-style":"default","site-sidebar-style":"default","ast-global-header-display":"","ast-banner-title-visibility":"","ast-main-header-display":"","ast-hfb-above-header-display":"","ast-hfb-below-header-display":"","ast-hfb-mobile-header-display":"","site-post-title":"","ast-breadcrumbs-content":"","ast-featured-img":"","footer-sml-layout":"","ast-disable-related-posts":"","theme-transparent-header-meta":"default","adv-header-id-meta":"","stick-header-meta":"","header-above-stick-meta":"","header-main-stick-meta":"","header-below-stick-meta":"","astra-migrate-meta-layouts":"set","ast-page-background-enabled":"default","ast-page-background-meta":{"desktop":{"background-color":"var(--ast-global-color-4)","background-image":"","background-repeat":"repeat","background-position":"center center","background-size":"auto","background-attachment":"scroll","background-type":"","background-media":"","overlay-type":"","overlay-color":"","overlay-opacity":"","overlay-gradient":""},"tablet":{"background-color":"","background-image":"","background-repeat":"repeat","background-position":"center center","background-size":"auto","background-attachment":"scroll","background-type":"","background-media":"","overlay-type":"","overlay-color":"","overlay-opacity":"","overlay-gradient":""},"mobile":{"background-color":"","background-image":"","background-repeat":"repeat","background-position":"center center","background-size":"auto","background-attachment":"scroll","background-type":"","background-media":"","overlay-type":"","overlay-color":"","overlay-opacity":"","overlay-gradient":""}},"ast-content-background-meta":{"desktop":{"background-color":"var(--ast-global-color-5)","background-image":"","background-repeat":"repeat","background-position":"center center","background-size":"auto","background-attachment":"scroll","background-type":"","background-media":"","overlay-type":"","overlay-color":"","overlay-opacity":"","overlay-gradient":""},"tablet":{"background-color":"var(--ast-global-color-5)","background-image":"","background-repeat":"repeat","background-position":"center center","background-size":"auto","background-attachment":"scroll","background-type":"","background-media":"","overlay-type":"","overlay-color":"","overlay-opacity":"","overlay-gradient":""},"mobile":{"background-color":"var(--ast-global-color-5)","background-image":"","background-repeat":"repeat","background-position":"center center","background-size":"auto","background-attachment":"scroll","background-type":"","background-media":"","overlay-type":"","overlay-color":"","overlay-opacity":"","overlay-gradient":""}}},"product_brand":[],"product_cat":[38,28,34],"product_tag":[],"class_list":{"0":"post-5300","1":"product","2":"type-product","3":"status-publish","4":"has-post-thumbnail","6":"product_cat-aseo","7":"product_cat-perros","8":"product_cat-tapetes","9":"desktop-align-center","10":"tablet-align-left","11":"mobile-align-left","13":"first","14":"instock","15":"shipping-taxable","16":"product-type-simple"},"_links":{"self":[{"href":"https:\/\/petspa.com.co\/hn\/wp-json\/wp\/v2\/product\/5300","targetHints":{"allow":["GET"]}}],"collection":[{"href":"https:\/\/petspa.com.co\/hn\/wp-json\/wp\/v2\/product"}],"about":[{"href":"https:\/\/petspa.com.co\/hn\/wp-json\/wp\/v2\/types\/product"}],"replies":[{"embeddable":true,"href":"https:\/\/petspa.com.co\/hn\/wp-json\/wp\/v2\/comments?post=5300"}],"wp:featuredmedia":[{"embeddable":true,"href":"https:\/\/petspa.com.co\/hn\/wp-json\/wp\/v2\/media\/1587"}],"wp:attachment":[{"href":"https:\/\/petspa.com.co\/hn\/wp-json\/wp\/v2\/media?parent=5300"}],"wp:term":[{"taxonomy":"product_brand","embeddable":true,"href":"https:\/\/petspa.com.co\/hn\/wp-json\/wp\/v2\/product_brand?post=5300"},{"taxonomy":"product_cat","embeddable":true,"href":"https:\/\/petspa.com.co\/hn\/wp-json\/wp\/v2\/product_cat?post=5300"},{"taxonomy":"product_tag","embeddable":true,"href":"https:\/\/petspa.com.co\/hn\/wp-json\/wp\/v2\/product_tag?post=5300"}],"curies":[{"name":"wp","href":"https:\/\/api.w.org\/{rel}","templated":true}]}}