{"id":5320,"date":"2024-05-17T19:19:08","date_gmt":"2024-05-17T19:19:08","guid":{"rendered":"https:\/\/petspa.com.co\/hn\/?post_type=product&#038;p=5320"},"modified":"2024-06-21T12:35:39","modified_gmt":"2024-06-21T17:35:39","slug":"scoop-pala-recolectora","status":"publish","type":"product","link":"https:\/\/petspa.com.co\/hn\/tienda\/aseo\/accesorios-de-aseo\/scoop-pala-recolectora\/","title":{"rendered":"Scoop Pala Recolectora"},"content":{"rendered":"","protected":false},"excerpt":{"rendered":"<p>La pala recolectora para gatos es un accesorio imprescindible para mantener la higiene del arenero de tu mascota. Fabricada con pl\u00e1stico premium de alta calidad, esta pala es duradera y no t\u00f3xica. Su dise\u00f1o especial evita el contacto directo de tu mano con los desechos al limpiar el arenero, y tambi\u00e9n se puede utilizar para servir la comida seca de tu gato. Su forma ergon\u00f3mica y las ranuras incorporadas facilitan la limpieza, reduciendo el desperdicio de arena. Mant\u00e9n el entorno de tu gato limpio y seguro con esta pr\u00e1ctica pala recolectora.<\/p>\n<p>Evita el contacto directo de tu mano con los desechos.<br \/>\nForma ergon\u00f3mica.<br \/>\nDiferentes colores.<br \/>\nHecha con pl\u00e1stico premium de alta calidad. Variedad de colores.<\/p>\n","protected":false},"featured_media":4716,"comment_status":"open","ping_status":"closed","template":"","meta":{"site-sidebar-layout":"default","site-content-layout":"","ast-site-content-layout":"default","site-content-style":"default","site-sidebar-style":"default","ast-global-header-display":"","ast-banner-title-visibility":"","ast-main-header-display":"","ast-hfb-above-header-display":"","ast-hfb-below-header-display":"","ast-hfb-mobile-header-display":"","site-post-title":"","ast-breadcrumbs-content":"","ast-featured-img":"","footer-sml-layout":"","ast-disable-related-posts":"","theme-transparent-header-meta":"default","adv-header-id-meta":"","stick-header-meta":"","header-above-stick-meta":"","header-main-stick-meta":"","header-below-stick-meta":"","astra-migrate-meta-layouts":"set","ast-page-background-enabled":"default","ast-page-background-meta":{"desktop":{"background-color":"var(--ast-global-color-4)","background-image":"","background-repeat":"repeat","background-position":"center center","background-size":"auto","background-attachment":"scroll","background-type":"","background-media":"","overlay-type":"","overlay-color":"","overlay-opacity":"","overlay-gradient":""},"tablet":{"background-color":"","background-image":"","background-repeat":"repeat","background-position":"center center","background-size":"auto","background-attachment":"scroll","background-type":"","background-media":"","overlay-type":"","overlay-color":"","overlay-opacity":"","overlay-gradient":""},"mobile":{"background-color":"","background-image":"","background-repeat":"repeat","background-position":"center center","background-size":"auto","background-attachment":"scroll","background-type":"","background-media":"","overlay-type":"","overlay-color":"","overlay-opacity":"","overlay-gradient":""}},"ast-content-background-meta":{"desktop":{"background-color":"var(--ast-global-color-5)","background-image":"","background-repeat":"repeat","background-position":"center center","background-size":"auto","background-attachment":"scroll","background-type":"","background-media":"","overlay-type":"","overlay-color":"","overlay-opacity":"","overlay-gradient":""},"tablet":{"background-color":"var(--ast-global-color-5)","background-image":"","background-repeat":"repeat","background-position":"center center","background-size":"auto","background-attachment":"scroll","background-type":"","background-media":"","overlay-type":"","overlay-color":"","overlay-opacity":"","overlay-gradient":""},"mobile":{"background-color":"var(--ast-global-color-5)","background-image":"","background-repeat":"repeat","background-position":"center center","background-size":"auto","background-attachment":"scroll","background-type":"","background-media":"","overlay-type":"","overlay-color":"","overlay-opacity":"","overlay-gradient":""}}},"product_brand":[],"product_cat":[37,38,27,28],"product_tag":[],"class_list":{"0":"post-5320","1":"product","2":"type-product","3":"status-publish","4":"has-post-thumbnail","6":"product_cat-accesorios-de-aseo","7":"product_cat-aseo","8":"product_cat-gatos","9":"product_cat-perros","10":"desktop-align-center","11":"tablet-align-left","12":"mobile-align-left","14":"first","15":"instock","16":"shipping-taxable","17":"product-type-variable"},"_links":{"self":[{"href":"https:\/\/petspa.com.co\/hn\/wp-json\/wp\/v2\/product\/5320","targetHints":{"allow":["GET"]}}],"collection":[{"href":"https:\/\/petspa.com.co\/hn\/wp-json\/wp\/v2\/product"}],"about":[{"href":"https:\/\/petspa.com.co\/hn\/wp-json\/wp\/v2\/types\/product"}],"replies":[{"embeddable":true,"href":"https:\/\/petspa.com.co\/hn\/wp-json\/wp\/v2\/comments?post=5320"}],"wp:featuredmedia":[{"embeddable":true,"href":"https:\/\/petspa.com.co\/hn\/wp-json\/wp\/v2\/media\/4716"}],"wp:attachment":[{"href":"https:\/\/petspa.com.co\/hn\/wp-json\/wp\/v2\/media?parent=5320"}],"wp:term":[{"taxonomy":"product_brand","embeddable":true,"href":"https:\/\/petspa.com.co\/hn\/wp-json\/wp\/v2\/product_brand?post=5320"},{"taxonomy":"product_cat","embeddable":true,"href":"https:\/\/petspa.com.co\/hn\/wp-json\/wp\/v2\/product_cat?post=5320"},{"taxonomy":"product_tag","embeddable":true,"href":"https:\/\/petspa.com.co\/hn\/wp-json\/wp\/v2\/product_tag?post=5320"}],"curies":[{"name":"wp","href":"https:\/\/api.w.org\/{rel}","templated":true}]}}