{"id":5301,"date":"2024-05-17T17:29:53","date_gmt":"2024-05-17T17:29:53","guid":{"rendered":"https:\/\/petspa.com.co\/pa\/?post_type=product&#038;p=5301"},"modified":"2024-06-21T12:46:55","modified_gmt":"2024-06-21T17:46:55","slug":"training-carbon-activo","status":"publish","type":"product","link":"https:\/\/petspa.com.co\/pa\/tienda\/aseo\/tapetes\/training-carbon-activo\/","title":{"rendered":"Training Carb\u00f3n Activo"},"content":{"rendered":"","protected":false},"excerpt":{"rendered":"<p>Los tapetes higi\u00e9nicos Training Carb\u00f3n Activo ofrecen una soluci\u00f3n efectiva para el entrenamiento de mascotas. Gracias a su tecnolog\u00eda de carb\u00f3n activo, neutraliza los olores al entrar en contacto con los desechos, brindando protecci\u00f3n durante todo el d\u00eda. Estos tapetes cuentan con una cubierta pl\u00e1stica que protege el piso y cintas adhesivas en sus esquinas para mantenerlos fijos en su lugar. Fabricados en color negro, su cubierta extra suave de alta capacidad absorbente garantiza una experiencia c\u00f3moda y sin filtraciones.<\/p>\n<p>Cintas adhesivas en sus esquinas.<br \/>\nAlta capacidad absorbente.<br \/>\nNeutraliza los olores.<br \/>\nPresentaciones de 7 y 14 unidades.<\/p>\n","protected":false},"featured_media":3155,"comment_status":"open","ping_status":"closed","template":"","meta":{"site-sidebar-layout":"default","site-content-layout":"","ast-site-content-layout":"default","site-content-style":"default","site-sidebar-style":"default","ast-global-header-display":"","ast-banner-title-visibility":"","ast-main-header-display":"","ast-hfb-above-header-display":"","ast-hfb-below-header-display":"","ast-hfb-mobile-header-display":"","site-post-title":"","ast-breadcrumbs-content":"","ast-featured-img":"","footer-sml-layout":"","ast-disable-related-posts":"","theme-transparent-header-meta":"default","adv-header-id-meta":"","stick-header-meta":"","header-above-stick-meta":"","header-main-stick-meta":"","header-below-stick-meta":"","astra-migrate-meta-layouts":"set","ast-page-background-enabled":"default","ast-page-background-meta":{"desktop":{"background-color":"var(--ast-global-color-4)","background-image":"","background-repeat":"repeat","background-position":"center center","background-size":"auto","background-attachment":"scroll","background-type":"","background-media":"","overlay-type":"","overlay-color":"","overlay-opacity":"","overlay-gradient":""},"tablet":{"background-color":"","background-image":"","background-repeat":"repeat","background-position":"center center","background-size":"auto","background-attachment":"scroll","background-type":"","background-media":"","overlay-type":"","overlay-color":"","overlay-opacity":"","overlay-gradient":""},"mobile":{"background-color":"","background-image":"","background-repeat":"repeat","background-position":"center center","background-size":"auto","background-attachment":"scroll","background-type":"","background-media":"","overlay-type":"","overlay-color":"","overlay-opacity":"","overlay-gradient":""}},"ast-content-background-meta":{"desktop":{"background-color":"var(--ast-global-color-5)","background-image":"","background-repeat":"repeat","background-position":"center center","background-size":"auto","background-attachment":"scroll","background-type":"","background-media":"","overlay-type":"","overlay-color":"","overlay-opacity":"","overlay-gradient":""},"tablet":{"background-color":"var(--ast-global-color-5)","background-image":"","background-repeat":"repeat","background-position":"center center","background-size":"auto","background-attachment":"scroll","background-type":"","background-media":"","overlay-type":"","overlay-color":"","overlay-opacity":"","overlay-gradient":""},"mobile":{"background-color":"var(--ast-global-color-5)","background-image":"","background-repeat":"repeat","background-position":"center center","background-size":"auto","background-attachment":"scroll","background-type":"","background-media":"","overlay-type":"","overlay-color":"","overlay-opacity":"","overlay-gradient":""}}},"product_brand":[],"product_cat":[38,28,34],"product_tag":[],"class_list":{"0":"post-5301","1":"product","2":"type-product","3":"status-publish","4":"has-post-thumbnail","6":"product_cat-aseo","7":"product_cat-perros","8":"product_cat-tapetes","9":"desktop-align-center","10":"tablet-align-left","11":"mobile-align-left","13":"first","14":"instock","15":"shipping-taxable","16":"product-type-simple"},"_links":{"self":[{"href":"https:\/\/petspa.com.co\/pa\/wp-json\/wp\/v2\/product\/5301","targetHints":{"allow":["GET"]}}],"collection":[{"href":"https:\/\/petspa.com.co\/pa\/wp-json\/wp\/v2\/product"}],"about":[{"href":"https:\/\/petspa.com.co\/pa\/wp-json\/wp\/v2\/types\/product"}],"replies":[{"embeddable":true,"href":"https:\/\/petspa.com.co\/pa\/wp-json\/wp\/v2\/comments?post=5301"}],"wp:featuredmedia":[{"embeddable":true,"href":"https:\/\/petspa.com.co\/pa\/wp-json\/wp\/v2\/media\/3155"}],"wp:attachment":[{"href":"https:\/\/petspa.com.co\/pa\/wp-json\/wp\/v2\/media?parent=5301"}],"wp:term":[{"taxonomy":"product_brand","embeddable":true,"href":"https:\/\/petspa.com.co\/pa\/wp-json\/wp\/v2\/product_brand?post=5301"},{"taxonomy":"product_cat","embeddable":true,"href":"https:\/\/petspa.com.co\/pa\/wp-json\/wp\/v2\/product_cat?post=5301"},{"taxonomy":"product_tag","embeddable":true,"href":"https:\/\/petspa.com.co\/pa\/wp-json\/wp\/v2\/product_tag?post=5301"}],"curies":[{"name":"wp","href":"https:\/\/api.w.org\/{rel}","templated":true}]}}